{"id":169,"date":"2023-09-07T13:24:50","date_gmt":"2023-09-07T11:24:50","guid":{"rendered":"https:\/\/liraexpressions.com\/?page_id=169"},"modified":"2024-06-07T18:48:43","modified_gmt":"2024-06-07T16:48:43","slug":"contes","status":"publish","type":"page","link":"https:\/\/liraexpressions.com\/?page_id=169","title":{"rendered":"contes"},"content":{"rendered":"\t\t<div data-elementor-type=\"wp-page\" data-elementor-id=\"169\" class=\"elementor elementor-169\">\n\t\t\t\t\t\t\t\t\t<section class=\"elementor-section elementor-top-section elementor-element elementor-element-1a76fc9 elementor-section-boxed elementor-section-height-default elementor-section-height-default\" data-id=\"1a76fc9\" data-element_type=\"section\">\n\t\t\t\t\t\t<div class=\"elementor-container elementor-column-gap-default\">\n\t\t\t\t\t<div class=\"elementor-column elementor-col-100 elementor-top-column elementor-element elementor-element-2300496\" data-id=\"2300496\" data-element_type=\"column\">\n\t\t\t<div class=\"elementor-widget-wrap elementor-element-populated\">\n\t\t\t\t\t\t\t\t<div class=\"elementor-element elementor-element-ff5453a elementor-widget__width-inherit elementor-widget elementor-widget-image\" data-id=\"ff5453a\" data-element_type=\"widget\" data-widget_type=\"image.default\">\n\t\t\t\t<div class=\"elementor-widget-container\">\n\t\t\t<style>\/*! elementor - v3.15.0 - 09-08-2023 *\/\n.elementor-widget-image{text-align:center}.elementor-widget-image a{display:inline-block}.elementor-widget-image a img[src$=\".svg\"]{width:48px}.elementor-widget-image img{vertical-align:middle;display:inline-block}<\/style>\t\t\t\t\t\t\t\t\t\t\t\t<img loading=\"lazy\" decoding=\"async\" width=\"1536\" height=\"1536\" src=\"https:\/\/liraexpressions.com\/wp-content\/uploads\/2024\/06\/2n-conte-1536x1536.jpg\" class=\"attachment-1536x1536 size-1536x1536 wp-image-908\" alt=\"\" srcset=\"https:\/\/liraexpressions.com\/wp-content\/uploads\/2024\/06\/2n-conte-1536x1536.jpg 1536w, https:\/\/liraexpressions.com\/wp-content\/uploads\/2024\/06\/2n-conte-300x300.jpg 300w, https:\/\/liraexpressions.com\/wp-content\/uploads\/2024\/06\/2n-conte-1024x1024.jpg 1024w, https:\/\/liraexpressions.com\/wp-content\/uploads\/2024\/06\/2n-conte-150x150.jpg 150w, https:\/\/liraexpressions.com\/wp-content\/uploads\/2024\/06\/2n-conte-768x768.jpg 768w, https:\/\/liraexpressions.com\/wp-content\/uploads\/2024\/06\/2n-conte-2048x2048.jpg 2048w\" sizes=\"auto, (max-width: 1536px) 100vw, 1536px\" \/>\t\t\t\t\t\t\t\t\t\t\t\t\t\t\t<\/div>\n\t\t\t\t<\/div>\n\t\t\t\t\t<\/div>\n\t\t<\/div>\n\t\t\t\t\t\t\t<\/div>\n\t\t<\/section>\n\t\t\t\t<section class=\"elementor-section elementor-top-section elementor-element elementor-element-f79e56b elementor-section-boxed elementor-section-height-default elementor-section-height-default\" data-id=\"f79e56b\" data-element_type=\"section\">\n\t\t\t\t\t\t<div class=\"elementor-container elementor-column-gap-default\">\n\t\t\t\t\t<div class=\"elementor-column elementor-col-100 elementor-top-column elementor-element elementor-element-73dfe86\" data-id=\"73dfe86\" data-element_type=\"column\">\n\t\t\t<div class=\"elementor-widget-wrap elementor-element-populated\">\n\t\t\t\t\t\t\t\t<div class=\"elementor-element elementor-element-ef4f2a1 elementor-widget__width-initial elementor-widget elementor-widget-heading\" data-id=\"ef4f2a1\" data-element_type=\"widget\" data-widget_type=\"heading.default\">\n\t\t\t\t<div class=\"elementor-widget-container\">\n\t\t\t<style>\/*! elementor - v3.15.0 - 09-08-2023 *\/\n.elementor-heading-title{padding:0;margin:0;line-height:1}.elementor-widget-heading .elementor-heading-title[class*=elementor-size-]>a{color:inherit;font-size:inherit;line-height:inherit}.elementor-widget-heading .elementor-heading-title.elementor-size-small{font-size:15px}.elementor-widget-heading .elementor-heading-title.elementor-size-medium{font-size:19px}.elementor-widget-heading .elementor-heading-title.elementor-size-large{font-size:29px}.elementor-widget-heading .elementor-heading-title.elementor-size-xl{font-size:39px}.elementor-widget-heading .elementor-heading-title.elementor-size-xxl{font-size:59px}<\/style><h2 class=\"elementor-heading-title elementor-size-default\">Vols fer(-te) un regal diferent?<\/h2>\t\t<\/div>\n\t\t\t\t<\/div>\n\t\t\t\t<div class=\"elementor-element elementor-element-7e03064 elementor-widget__width-initial elementor-widget elementor-widget-heading\" data-id=\"7e03064\" data-element_type=\"widget\" data-widget_type=\"heading.default\">\n\t\t\t\t<div class=\"elementor-widget-container\">\n\t\t\t<h2 class=\"elementor-heading-title elementor-size-default\">Actualment, he dissenyat dos contes \"la LiRA i els valors\" i \"la LiRA i els elements\", en els quals s'ens explica hist\u00f2ries senzilles en la que ens oferir\u00e0 un espai de reflexi\u00f3 sobre el nostres valors i les amistats, i sobre com em relaciono amb els elements de la naturalesa. <br>Cada unitat \u00e9s una pe\u00e7a \u00fanica ja que s\u00f3n diferents edicions i l'enquaderno jo mateixa. Si t'interessa, contacta'm i te'l faig arribar!<br><br>Per cert, \u00e9s per a totes les edats!<\/h2>\t\t<\/div>\n\t\t\t\t<\/div>\n\t\t\t\t\t<\/div>\n\t\t<\/div>\n\t\t\t\t\t\t\t<\/div>\n\t\t<\/section>\n\t\t\t\t\t\t\t<\/div>\n\t\t","protected":false},"excerpt":{"rendered":"<p>Vols fer(-te) un regal diferent? Actualment, he dissenyat dos contes &#8220;la LiRA i els valors&#8221; i &#8220;la LiRA i els elements&#8221;, en els quals s&#8217;ens explica hist\u00f2ries senzilles en la que ens oferir\u00e0 un espai de reflexi\u00f3 sobre el nostres valors i les amistats, i sobre com em relaciono amb els elements de la naturalesa. [&hellip;]<\/p>\n","protected":false},"author":1,"featured_media":0,"parent":0,"menu_order":0,"comment_status":"closed","ping_status":"closed","template":"","meta":{"footnotes":""},"class_list":["post-169","page","type-page","status-publish","hentry"],"_links":{"self":[{"href":"https:\/\/liraexpressions.com\/index.php?rest_route=\/wp\/v2\/pages\/169","targetHints":{"allow":["GET"]}}],"collection":[{"href":"https:\/\/liraexpressions.com\/index.php?rest_route=\/wp\/v2\/pages"}],"about":[{"href":"https:\/\/liraexpressions.com\/index.php?rest_route=\/wp\/v2\/types\/page"}],"author":[{"embeddable":true,"href":"https:\/\/liraexpressions.com\/index.php?rest_route=\/wp\/v2\/users\/1"}],"replies":[{"embeddable":true,"href":"https:\/\/liraexpressions.com\/index.php?rest_route=%2Fwp%2Fv2%2Fcomments&post=169"}],"version-history":[{"count":22,"href":"https:\/\/liraexpressions.com\/index.php?rest_route=\/wp\/v2\/pages\/169\/revisions"}],"predecessor-version":[{"id":911,"href":"https:\/\/liraexpressions.com\/index.php?rest_route=\/wp\/v2\/pages\/169\/revisions\/911"}],"wp:attachment":[{"href":"https:\/\/liraexpressions.com\/index.php?rest_route=%2Fwp%2Fv2%2Fmedia&parent=169"}],"curies":[{"name":"wp","href":"https:\/\/api.w.org\/{rel}","templated":true}]}}